{"id":8,"date":"2019-03-11T12:08:38","date_gmt":"2019-03-11T12:08:38","guid":{"rendered":"https:\/\/savitaskiemas.lt\/index.php\/about\/"},"modified":"2025-01-21T20:45:55","modified_gmt":"2025-01-21T20:45:55","slug":"about","status":"publish","type":"page","link":"https:\/\/savitaskiemas.lt\/index.php\/about\/","title":{"rendered":"About"},"content":{"rendered":"\t\t<div data-elementor-type=\"wp-post\" data-elementor-id=\"8\" class=\"elementor elementor-8\">\n\t\t\t\t\t\t<section class=\"elementor-section elementor-top-section elementor-element elementor-element-425bc64 elementor-section-boxed elementor-section-height-default elementor-section-height-default\" data-id=\"425bc64\" data-element_type=\"section\" data-settings=\"{&quot;background_background&quot;:&quot;classic&quot;}\">\n\t\t\t\t\t\t\t<div class=\"elementor-background-overlay\"><\/div>\n\t\t\t\t\t\t\t<div class=\"elementor-container elementor-column-gap-default\">\n\t\t\t\t\t<div class=\"elementor-column elementor-col-100 elementor-top-column elementor-element elementor-element-32d82ce\" data-id=\"32d82ce\" data-element_type=\"column\">\n\t\t\t<div class=\"elementor-widget-wrap elementor-element-populated\">\n\t\t\t\t\t\t<section class=\"elementor-section elementor-inner-section elementor-element elementor-element-e565f72 elementor-section-boxed elementor-section-height-default elementor-section-height-default\" data-id=\"e565f72\" data-element_type=\"section\">\n\t\t\t\t\t\t<div class=\"elementor-container elementor-column-gap-default\">\n\t\t\t\t\t<div class=\"elementor-column elementor-col-100 elementor-inner-column elementor-element elementor-element-b1f24b1\" data-id=\"b1f24b1\" data-element_type=\"column\">\n\t\t\t<div class=\"elementor-widget-wrap\">\n\t\t\t\t\t\t\t<\/div>\n\t\t<\/div>\n\t\t\t\t\t<\/div>\n\t\t<\/section>\n\t\t\t\t<section class=\"elementor-section elementor-inner-section elementor-element elementor-element-bb2c6a2 elementor-section-boxed elementor-section-height-default elementor-section-height-default\" data-id=\"bb2c6a2\" data-element_type=\"section\">\n\t\t\t\t\t\t<div class=\"elementor-container elementor-column-gap-default\">\n\t\t\t\t\t<div class=\"elementor-column elementor-col-100 elementor-inner-column elementor-element elementor-element-61a1ab6\" data-id=\"61a1ab6\" data-element_type=\"column\">\n\t\t\t<div class=\"elementor-widget-wrap elementor-element-populated\">\n\t\t\t\t\t\t<div class=\"elementor-element elementor-element-1437cd8 elementor-widget elementor-widget-heading\" data-id=\"1437cd8\" data-element_type=\"widget\" data-widget_type=\"heading.default\">\n\t\t\t\t<div class=\"elementor-widget-container\">\n\t\t\t<style>\/*! elementor - v3.20.0 - 11-03-2024 *\/\n.elementor-heading-title{padding:0;margin:0;line-height:1}.elementor-widget-heading .elementor-heading-title[class*=elementor-size-]>a{color:inherit;font-size:inherit;line-height:inherit}.elementor-widget-heading .elementor-heading-title.elementor-size-small{font-size:15px}.elementor-widget-heading .elementor-heading-title.elementor-size-medium{font-size:19px}.elementor-widget-heading .elementor-heading-title.elementor-size-large{font-size:29px}.elementor-widget-heading .elementor-heading-title.elementor-size-xl{font-size:39px}.elementor-widget-heading .elementor-heading-title.elementor-size-xxl{font-size:59px}<\/style><h1 class=\"elementor-heading-title elementor-size-default\">Apie Mus<\/h1>\t\t<\/div>\n\t\t\t\t<\/div>\n\t\t\t\t\t<\/div>\n\t\t<\/div>\n\t\t\t\t\t<\/div>\n\t\t<\/section>\n\t\t\t\t\t<\/div>\n\t\t<\/div>\n\t\t\t\t\t<\/div>\n\t\t<\/section>\n\t\t\t\t<section class=\"elementor-section elementor-top-section elementor-element elementor-element-c16982b elementor-section-content-middle elementor-reverse-mobile elementor-section-boxed elementor-section-height-default elementor-section-height-default\" data-id=\"c16982b\" data-element_type=\"section\" data-settings=\"{&quot;background_background&quot;:&quot;classic&quot;}\">\n\t\t\t\t\t\t<div class=\"elementor-container elementor-column-gap-default\">\n\t\t\t\t\t<div class=\"elementor-column elementor-col-33 elementor-top-column elementor-element elementor-element-cf76402\" data-id=\"cf76402\" data-element_type=\"column\" data-settings=\"{&quot;background_background&quot;:&quot;classic&quot;}\">\n\t\t\t<div class=\"elementor-widget-wrap elementor-element-populated\">\n\t\t\t\t\t\t<div class=\"elementor-element elementor-element-1c9b570 elementor-widget__width-initial elementor-invisible elementor-widget elementor-widget-image\" data-id=\"1c9b570\" data-element_type=\"widget\" data-settings=\"{&quot;_animation&quot;:&quot;zoomIn&quot;}\" data-widget_type=\"image.default\">\n\t\t\t\t<div class=\"elementor-widget-container\">\n\t\t\t<style>\/*! elementor - v3.20.0 - 11-03-2024 *\/\n.elementor-widget-image{text-align:center}.elementor-widget-image a{display:inline-block}.elementor-widget-image a img[src$=\".svg\"]{width:48px}.elementor-widget-image img{vertical-align:middle;display:inline-block}<\/style>\t\t\t\t\t\t\t\t\t\t<img fetchpriority=\"high\" decoding=\"async\" width=\"1458\" height=\"2048\" src=\"https:\/\/savitaskiemas.lt\/wp-content\/uploads\/2025\/01\/serti.jpg\" class=\"attachment-full size-full wp-image-2641\" alt=\"\" srcset=\"https:\/\/savitaskiemas.lt\/wp-content\/uploads\/2025\/01\/serti.jpg 1458w, https:\/\/savitaskiemas.lt\/wp-content\/uploads\/2025\/01\/serti-214x300.jpg 214w, https:\/\/savitaskiemas.lt\/wp-content\/uploads\/2025\/01\/serti-729x1024.jpg 729w, https:\/\/savitaskiemas.lt\/wp-content\/uploads\/2025\/01\/serti-768x1079.jpg 768w, https:\/\/savitaskiemas.lt\/wp-content\/uploads\/2025\/01\/serti-1094x1536.jpg 1094w\" sizes=\"(max-width: 1458px) 100vw, 1458px\" \/>\t\t\t\t\t\t\t\t\t\t\t\t\t<\/div>\n\t\t\t\t<\/div>\n\t\t\t\t\t<\/div>\n\t\t<\/div>\n\t\t\t\t<div class=\"elementor-column elementor-col-33 elementor-top-column elementor-element elementor-element-5dd29a5\" data-id=\"5dd29a5\" data-element_type=\"column\" data-settings=\"{&quot;background_background&quot;:&quot;classic&quot;}\">\n\t\t\t<div class=\"elementor-widget-wrap elementor-element-populated\">\n\t\t\t\t\t\t<div class=\"elementor-element elementor-element-b6c1b1a elementor-widget elementor-widget-text-editor\" data-id=\"b6c1b1a\" data-element_type=\"widget\" data-widget_type=\"text-editor.default\">\n\t\t\t\t<div class=\"elementor-widget-container\">\n\t\t\t<style>\/*! elementor - v3.20.0 - 11-03-2024 *\/\n.elementor-widget-text-editor.elementor-drop-cap-view-stacked .elementor-drop-cap{background-color:#69727d;color:#fff}.elementor-widget-text-editor.elementor-drop-cap-view-framed .elementor-drop-cap{color:#69727d;border:3px solid;background-color:transparent}.elementor-widget-text-editor:not(.elementor-drop-cap-view-default) .elementor-drop-cap{margin-top:8px}.elementor-widget-text-editor:not(.elementor-drop-cap-view-default) .elementor-drop-cap-letter{width:1em;height:1em}.elementor-widget-text-editor .elementor-drop-cap{float:left;text-align:center;line-height:1;font-size:50px}.elementor-widget-text-editor .elementor-drop-cap-letter{display:inline-block}<\/style>\t\t\t\t<p><strong>MB, SAVITAS KIEMAS &#8211; <\/strong>\u012emon\u0117s pagrindin\u0117 veikla\u00a0 biologini\u0173 nuotek\u0173 valymo \u012frengini\u0173 montavimas ir pardavimas.\u00a0 Mes si\u016blome laiko patikrintus, patikimus ir ilgaam\u017eius AUGUST buitinius nuotek\u0173 valymo \u012frenginius. Kuriems reikalinga minimali prie\u017ei\u016bra. \u012erenginiai skirti\u00a0 individualiems namams, daugiabu\u010diams, \u012fmon\u0117ms, ir kitos paskirties statiniams. <strong>Suteikiame 10 met\u0173 garantij\u0105.<\/strong><\/p><p>Taipogi \u012frengiame lauko in\u017einerinius tinklus: drena\u017eo, lietaus nuotek\u0173, vandentiekio, buitini\u0173 nuotek\u0173.<\/p>\t\t\t\t\t\t<\/div>\n\t\t\t\t<\/div>\n\t\t\t\t<div class=\"elementor-element elementor-element-d292aa7 elementor-widget__width-inherit elementor-widget elementor-widget-text-editor\" data-id=\"d292aa7\" data-element_type=\"widget\" data-widget_type=\"text-editor.default\">\n\t\t\t\t<div class=\"elementor-widget-container\">\n\t\t\t\t\t\t\t<h4><strong>Kontaktai<\/strong><\/h4><h6><strong>NERIJUS KANOVAS<br \/><\/strong><strong>Direktorius<br \/><\/strong><strong>El. pa\u0161tas: <a href=\"mailto:info@nsc.lt\">info@savitaskiemas.lt<br \/><\/a><\/strong><strong>Tel.:\u00a0<a href=\"tel:+37061699998\">+370 62226467<br \/><\/a><\/strong><strong>Adresas: \u0160lapaki\u0173 g. 12, \u0160lapaki\u0173 km., <\/strong><strong>Joni\u0161kio raj.<\/strong><\/h6>\t\t\t\t\t\t<\/div>\n\t\t\t\t<\/div>\n\t\t\t\t\t<\/div>\n\t\t<\/div>\n\t\t\t\t<div class=\"elementor-column elementor-col-33 elementor-top-column elementor-element elementor-element-6e46a28\" data-id=\"6e46a28\" data-element_type=\"column\" data-settings=\"{&quot;background_background&quot;:&quot;classic&quot;}\">\n\t\t\t<div class=\"elementor-widget-wrap elementor-element-populated\">\n\t\t\t\t\t\t<div class=\"elementor-element elementor-element-9a7853d elementor-widget elementor-widget-text-editor\" data-id=\"9a7853d\" data-element_type=\"widget\" data-widget_type=\"text-editor.default\">\n\t\t\t\t<div class=\"elementor-widget-container\">\n\t\t\t\t\t\t\t<h4><strong>Susisiekite su mumis<\/strong><\/h4>\t\t\t\t\t\t<\/div>\n\t\t\t\t<\/div>\n\t\t\t\t\t<\/div>\n\t\t<\/div>\n\t\t\t\t\t<\/div>\n\t\t<\/section>\n\t\t\t\t<\/div>\n\t\t","protected":false},"excerpt":{"rendered":"<p>Apie Mus MB, SAVITAS KIEMAS &#8211; \u012emon\u0117s pagrindin\u0117 veikla&nbsp; biologini\u0173 nuotek\u0173 valymo \u012frengini\u0173 montavimas ir pardavimas.&nbsp; Mes si\u016blome laiko patikrintus, patikimus ir ilgaam\u017eius AUGUST buitinius nuotek\u0173 valymo \u012frenginius. Kuriems reikalinga minimali prie\u017ei\u016bra. \u012erenginiai skirti&nbsp; individualiems namams, daugiabu\u010diams, \u012fmon\u0117ms, ir kitos paskirties statiniams. Suteikiame 10 met\u0173 garantij\u0105. Taipogi \u012frengiame lauko in\u017einerinius tinklus: drena\u017eo, lietaus nuotek\u0173, vandentiekio, &hellip;<\/p>\n<p class=\"read-more\"> <a class=\"\" href=\"https:\/\/savitaskiemas.lt\/index.php\/about\/\"> <span class=\"screen-reader-text\">About<\/span> Read More &raquo;<\/a><\/p>\n","protected":false},"author":1,"featured_media":0,"parent":0,"menu_order":0,"comment_status":"closed","ping_status":"closed","template":"","meta":{"site-sidebar-layout":"default","site-content-layout":"page-builder","ast-global-header-display":"","ast-main-header-display":"","ast-hfb-above-header-display":"","ast-hfb-below-header-display":"","ast-hfb-mobile-header-display":"","site-post-title":"disabled","ast-breadcrumbs-content":"","ast-featured-img":"disabled","footer-sml-layout":"","theme-transparent-header-meta":"enabled","adv-header-id-meta":"","stick-header-meta":"","header-above-stick-meta":"","header-main-stick-meta":"","header-below-stick-meta":""},"_links":{"self":[{"href":"https:\/\/savitaskiemas.lt\/index.php\/wp-json\/wp\/v2\/pages\/8"}],"collection":[{"href":"https:\/\/savitaskiemas.lt\/index.php\/wp-json\/wp\/v2\/pages"}],"about":[{"href":"https:\/\/savitaskiemas.lt\/index.php\/wp-json\/wp\/v2\/types\/page"}],"author":[{"embeddable":true,"href":"https:\/\/savitaskiemas.lt\/index.php\/wp-json\/wp\/v2\/users\/1"}],"replies":[{"embeddable":true,"href":"https:\/\/savitaskiemas.lt\/index.php\/wp-json\/wp\/v2\/comments?post=8"}],"version-history":[{"count":126,"href":"https:\/\/savitaskiemas.lt\/index.php\/wp-json\/wp\/v2\/pages\/8\/revisions"}],"predecessor-version":[{"id":2648,"href":"https:\/\/savitaskiemas.lt\/index.php\/wp-json\/wp\/v2\/pages\/8\/revisions\/2648"}],"wp:attachment":[{"href":"https:\/\/savitaskiemas.lt\/index.php\/wp-json\/wp\/v2\/media?parent=8"}],"curies":[{"name":"wp","href":"https:\/\/api.w.org\/{rel}","templated":true}]}}